{"id":3329,"date":"2025-07-08T15:50:21","date_gmt":"2025-07-08T13:50:21","guid":{"rendered":"https:\/\/onredreparaciones.es\/?page_id=3329"},"modified":"2025-07-08T15:50:05","modified_gmt":"2025-07-08T13:50:05","slug":"declaracio-accessibilitat","status":"publish","type":"page","link":"https:\/\/onredreparaciones.es\/ca\/declaracio-accessibilitat\/","title":{"rendered":"Declaraci\u00f3 Accessibilitat"},"content":{"rendered":"\t\t<div data-elementor-type=\"wp-page\" data-elementor-id=\"3329\" class=\"elementor elementor-3329 elementor-3324\">\n\t\t\t\t\t\t<section class=\"elementor-section elementor-top-section elementor-element elementor-element-345046c elementor-section-boxed elementor-section-height-default elementor-section-height-default\" data-id=\"345046c\" data-element_type=\"section\" data-e-type=\"section\">\n\t\t\t\t\t\t<div class=\"elementor-container elementor-column-gap-default\">\n\t\t\t\t\t<div class=\"elementor-column elementor-col-100 elementor-top-column elementor-element elementor-element-ed03135\" data-id=\"ed03135\" data-element_type=\"column\" data-e-type=\"column\">\n\t\t\t<div class=\"elementor-widget-wrap elementor-element-populated\">\n\t\t\t\t\t\t<div class=\"elementor-element elementor-element-f87fba0 elementor-widget elementor-widget-text-editor\" data-id=\"f87fba0\" data-element_type=\"widget\" data-e-type=\"widget\" data-widget_type=\"text-editor.default\">\n\t\t\t\t<div class=\"elementor-widget-container\">\n\t\t\t\t\t\t\t\t\t<h1>Declaraci\u00f3 Accesibilitat<\/h1>\nLa nostra entitat reconeix la import\u00e0ncia que totes les persones, amb independ\u00e8ncia de la seva capacitat, edat o la tecnologia utilitzada, puguin navegar per la nostra p\u00e0gina web.\n\nPer aix\u00f2, hem adoptat criteris per aconseguir una major accessibilitat de la nostra p\u00e0gina web basats en les directrius WCAG\/WAI fixades pel World Wide Web Consortium (W3C), que \u00e9s l&#8217;organitzaci\u00f3 de car\u00e0cter supranacional que s&#8217;encarrega de la supervisi\u00f3 de les tecnologies i l&#8217;adopci\u00f3 dels est\u00e0ndards d&#8217;Internet.\n\nEn aquest sentit el desenvolupament de la Web s&#8217;ha basat en el compliment de les Pautes d&#8217;accessibilitat per al Contingut al web de la WCAG 2.1 del W3C-WAI en el seu nivell d&#8217;exig\u00e8ncia AA.\n\nAlgunes de les funcionalitats implementades als nostres llocs web, sota el domini [onredreparaciones.es], per permetre una major accessibilitat als seus continguts, s\u00f3n:\n<ul>\n \t<li>Les caracter\u00edstiques visuals del portal (tipus de lletra, color de font i fons, etc.) es defineixen mitjan\u00e7ant el full d&#8217;estils perqu\u00e8 l&#8217;usuari pugui ajustar el text a les seves prefer\u00e8ncies.<\/li>\n \t<li>Les mides de les fonts s&#8217; han definit amb unitats relatives perqu\u00e8 pugui ampliar o disminuir la mida de la font des de les opcions del navegador.<\/li>\n \t<li>Les p\u00e0gines tenen una estructura clara tant per a l&#8217;usuari que pot veure tot el contingut, com per al que llegeix la informaci\u00f3 amb un lector de pantalla, usuaris que desactiven el full d&#8217;estils, etc. Sota aquest objectiu, s&#8217;han definit mitjan\u00e7ant el codi HTML els encarregats de secci\u00f3, les llistes i tots els elements que ajuden a la comprensi\u00f3 general del lloc web.<\/li>\n \t<li>El codi HTML i CSS emprat s&#8217; ajusta a les gram\u00e0tiques formals per garantir la correcta visualitzaci\u00f3 dels continguts en diferents navegadors.<\/li>\n \t<li>Widget d&#8217; accessibilitat personalitzable que permet als usuaris:<\/li>\n \t<li>Augmentar la mida de la font<\/li>\n \t<li>Invertir colors o canviar a alt contrast<\/li>\n \t<li>Ressaltar enlla\u00e7os<\/li>\n \t<li>Activar un bot\u00f3 de &#8220;Saltar al contingut&#8221;<\/li>\n<\/ul>\nAquesta declaraci\u00f3 ha estat realitzada el 1\/06\/2025.\t\t\t\t\t\t\t\t<\/div>\n\t\t\t\t<\/div>\n\t\t\t\t\t<\/div>\n\t\t<\/div>\n\t\t\t\t\t<\/div>\n\t\t<\/section>\n\t\t\t\t<\/div>\n\t\t","protected":false},"excerpt":{"rendered":"<p>Declaraci\u00f3 Accesibilitat La nostra entitat reconeix la import\u00e0ncia que totes les persones, amb independ\u00e8ncia de la seva capacitat, edat o la tecnologia utilitzada, puguin navegar per la nostra p\u00e0gina web. Per aix\u00f2, hem adoptat criteris per aconseguir una major accessibilitat de la nostra p\u00e0gina web basats en les directrius WCAG\/WAI fixades pel World Wide Web [&hellip;]<\/p>\n","protected":false},"author":1,"featured_media":0,"parent":0,"menu_order":0,"comment_status":"closed","ping_status":"closed","template":"","meta":{"footnotes":""},"class_list":["post-3329","page","type-page","status-publish","hentry"],"yoast_head":"<!-- This site is optimized with the Yoast SEO plugin v27.3 - https:\/\/yoast.com\/product\/yoast-seo-wordpress\/ -->\n<title>Declaraci\u00f3 Accessibilitat - onRed<\/title>\n<meta name=\"robots\" content=\"index, follow, max-snippet:-1, max-image-preview:large, max-video-preview:-1\" \/>\n<link rel=\"canonical\" href=\"https:\/\/onredreparaciones.es\/ca\/declaracio-accessibilitat\/\" \/>\n<meta property=\"og:locale\" content=\"ca_ES\" \/>\n<meta property=\"og:type\" content=\"article\" \/>\n<meta property=\"og:title\" content=\"Declaraci\u00f3 Accessibilitat - onRed\" \/>\n<meta property=\"og:description\" content=\"Declaraci\u00f3 Accesibilitat La nostra entitat reconeix la import\u00e0ncia que totes les persones, amb independ\u00e8ncia de la seva capacitat, edat o la tecnologia utilitzada, puguin navegar per la nostra p\u00e0gina web. Per aix\u00f2, hem adoptat criteris per aconseguir una major accessibilitat de la nostra p\u00e0gina web basats en les directrius WCAG\/WAI fixades pel World Wide Web [&hellip;]\" \/>\n<meta property=\"og:url\" content=\"https:\/\/onredreparaciones.es\/ca\/declaracio-accessibilitat\/\" \/>\n<meta property=\"og:site_name\" content=\"onRed\" \/>\n<meta name=\"twitter:card\" content=\"summary_large_image\" \/>\n<meta name=\"twitter:label1\" content=\"Est. reading time\" \/>\n\t<meta name=\"twitter:data1\" content=\"2 minuts\" \/>\n<script type=\"application\/ld+json\" class=\"yoast-schema-graph\">{\"@context\":\"https:\\\/\\\/schema.org\",\"@graph\":[{\"@type\":\"WebPage\",\"@id\":\"https:\\\/\\\/onredreparaciones.es\\\/ca\\\/declaracio-accessibilitat\\\/\",\"url\":\"https:\\\/\\\/onredreparaciones.es\\\/ca\\\/declaracio-accessibilitat\\\/\",\"name\":\"Declaraci\u00f3 Accessibilitat - onRed\",\"isPartOf\":{\"@id\":\"https:\\\/\\\/onredreparaciones.es\\\/#website\"},\"datePublished\":\"2025-07-08T13:50:21+00:00\",\"breadcrumb\":{\"@id\":\"https:\\\/\\\/onredreparaciones.es\\\/ca\\\/declaracio-accessibilitat\\\/#breadcrumb\"},\"inLanguage\":\"ca\",\"potentialAction\":[{\"@type\":\"ReadAction\",\"target\":[\"https:\\\/\\\/onredreparaciones.es\\\/ca\\\/declaracio-accessibilitat\\\/\"]}]},{\"@type\":\"BreadcrumbList\",\"@id\":\"https:\\\/\\\/onredreparaciones.es\\\/ca\\\/declaracio-accessibilitat\\\/#breadcrumb\",\"itemListElement\":[{\"@type\":\"ListItem\",\"position\":1,\"name\":\"Home\",\"item\":\"https:\\\/\\\/onredreparaciones.es\\\/ca\\\/inici\\\/\"},{\"@type\":\"ListItem\",\"position\":2,\"name\":\"Declaraci\u00f3 Accessibilitat\"}]},{\"@type\":\"WebSite\",\"@id\":\"https:\\\/\\\/onredreparaciones.es\\\/#website\",\"url\":\"https:\\\/\\\/onredreparaciones.es\\\/\",\"name\":\"onRed\",\"description\":\"Activamos tu red de asistencia\",\"publisher\":{\"@id\":\"https:\\\/\\\/onredreparaciones.es\\\/#organization\"},\"potentialAction\":[{\"@type\":\"SearchAction\",\"target\":{\"@type\":\"EntryPoint\",\"urlTemplate\":\"https:\\\/\\\/onredreparaciones.es\\\/?s={search_term_string}\"},\"query-input\":{\"@type\":\"PropertyValueSpecification\",\"valueRequired\":true,\"valueName\":\"search_term_string\"}}],\"inLanguage\":\"ca\"},{\"@type\":\"Organization\",\"@id\":\"https:\\\/\\\/onredreparaciones.es\\\/#organization\",\"name\":\"onRed\",\"url\":\"https:\\\/\\\/onredreparaciones.es\\\/\",\"logo\":{\"@type\":\"ImageObject\",\"inLanguage\":\"ca\",\"@id\":\"https:\\\/\\\/onredreparaciones.es\\\/#\\\/schema\\\/logo\\\/image\\\/\",\"url\":\"https:\\\/\\\/onredreparaciones.es\\\/wp-content\\\/uploads\\\/2022\\\/12\\\/LOGO-WORD-PPT-CAT.png\",\"contentUrl\":\"https:\\\/\\\/onredreparaciones.es\\\/wp-content\\\/uploads\\\/2022\\\/12\\\/LOGO-WORD-PPT-CAT.png\",\"width\":517,\"height\":222,\"caption\":\"onRed\"},\"image\":{\"@id\":\"https:\\\/\\\/onredreparaciones.es\\\/#\\\/schema\\\/logo\\\/image\\\/\"}}]}<\/script>\n<!-- \/ Yoast SEO plugin. -->","yoast_head_json":{"title":"Declaraci\u00f3 Accessibilitat - onRed","robots":{"index":"index","follow":"follow","max-snippet":"max-snippet:-1","max-image-preview":"max-image-preview:large","max-video-preview":"max-video-preview:-1"},"canonical":"https:\/\/onredreparaciones.es\/ca\/declaracio-accessibilitat\/","og_locale":"ca_ES","og_type":"article","og_title":"Declaraci\u00f3 Accessibilitat - onRed","og_description":"Declaraci\u00f3 Accesibilitat La nostra entitat reconeix la import\u00e0ncia que totes les persones, amb independ\u00e8ncia de la seva capacitat, edat o la tecnologia utilitzada, puguin navegar per la nostra p\u00e0gina web. Per aix\u00f2, hem adoptat criteris per aconseguir una major accessibilitat de la nostra p\u00e0gina web basats en les directrius WCAG\/WAI fixades pel World Wide Web [&hellip;]","og_url":"https:\/\/onredreparaciones.es\/ca\/declaracio-accessibilitat\/","og_site_name":"onRed","twitter_card":"summary_large_image","twitter_misc":{"Est. reading time":"2 minuts"},"schema":{"@context":"https:\/\/schema.org","@graph":[{"@type":"WebPage","@id":"https:\/\/onredreparaciones.es\/ca\/declaracio-accessibilitat\/","url":"https:\/\/onredreparaciones.es\/ca\/declaracio-accessibilitat\/","name":"Declaraci\u00f3 Accessibilitat - onRed","isPartOf":{"@id":"https:\/\/onredreparaciones.es\/#website"},"datePublished":"2025-07-08T13:50:21+00:00","breadcrumb":{"@id":"https:\/\/onredreparaciones.es\/ca\/declaracio-accessibilitat\/#breadcrumb"},"inLanguage":"ca","potentialAction":[{"@type":"ReadAction","target":["https:\/\/onredreparaciones.es\/ca\/declaracio-accessibilitat\/"]}]},{"@type":"BreadcrumbList","@id":"https:\/\/onredreparaciones.es\/ca\/declaracio-accessibilitat\/#breadcrumb","itemListElement":[{"@type":"ListItem","position":1,"name":"Home","item":"https:\/\/onredreparaciones.es\/ca\/inici\/"},{"@type":"ListItem","position":2,"name":"Declaraci\u00f3 Accessibilitat"}]},{"@type":"WebSite","@id":"https:\/\/onredreparaciones.es\/#website","url":"https:\/\/onredreparaciones.es\/","name":"onRed","description":"Activamos tu red de asistencia","publisher":{"@id":"https:\/\/onredreparaciones.es\/#organization"},"potentialAction":[{"@type":"SearchAction","target":{"@type":"EntryPoint","urlTemplate":"https:\/\/onredreparaciones.es\/?s={search_term_string}"},"query-input":{"@type":"PropertyValueSpecification","valueRequired":true,"valueName":"search_term_string"}}],"inLanguage":"ca"},{"@type":"Organization","@id":"https:\/\/onredreparaciones.es\/#organization","name":"onRed","url":"https:\/\/onredreparaciones.es\/","logo":{"@type":"ImageObject","inLanguage":"ca","@id":"https:\/\/onredreparaciones.es\/#\/schema\/logo\/image\/","url":"https:\/\/onredreparaciones.es\/wp-content\/uploads\/2022\/12\/LOGO-WORD-PPT-CAT.png","contentUrl":"https:\/\/onredreparaciones.es\/wp-content\/uploads\/2022\/12\/LOGO-WORD-PPT-CAT.png","width":517,"height":222,"caption":"onRed"},"image":{"@id":"https:\/\/onredreparaciones.es\/#\/schema\/logo\/image\/"}}]}},"_links":{"self":[{"href":"https:\/\/onredreparaciones.es\/ca\/wp-json\/wp\/v2\/pages\/3329","targetHints":{"allow":["GET"]}}],"collection":[{"href":"https:\/\/onredreparaciones.es\/ca\/wp-json\/wp\/v2\/pages"}],"about":[{"href":"https:\/\/onredreparaciones.es\/ca\/wp-json\/wp\/v2\/types\/page"}],"author":[{"embeddable":true,"href":"https:\/\/onredreparaciones.es\/ca\/wp-json\/wp\/v2\/users\/1"}],"replies":[{"embeddable":true,"href":"https:\/\/onredreparaciones.es\/ca\/wp-json\/wp\/v2\/comments?post=3329"}],"version-history":[{"count":4,"href":"https:\/\/onredreparaciones.es\/ca\/wp-json\/wp\/v2\/pages\/3329\/revisions"}],"predecessor-version":[{"id":3342,"href":"https:\/\/onredreparaciones.es\/ca\/wp-json\/wp\/v2\/pages\/3329\/revisions\/3342"}],"wp:attachment":[{"href":"https:\/\/onredreparaciones.es\/ca\/wp-json\/wp\/v2\/media?parent=3329"}],"curies":[{"name":"wp","href":"https:\/\/api.w.org\/{rel}","templated":true}]}}