{"id":1573,"date":"2022-07-04T09:47:14","date_gmt":"2022-07-04T07:47:14","guid":{"rendered":"http:\/\/prezuk.com.mialias.net\/onred\/politica-privacidad\/"},"modified":"2023-02-16T15:43:28","modified_gmt":"2023-02-16T14:43:28","slug":"politica-privacitat","status":"publish","type":"page","link":"https:\/\/onredreparaciones.es\/ca\/politica-privacitat\/","title":{"rendered":"Pol\u00edtica de privacitat"},"content":{"rendered":"\t\t<div data-elementor-type=\"wp-page\" data-elementor-id=\"1573\" class=\"elementor elementor-1573 elementor-3\">\n\t\t\t\t\t\t<section class=\"elementor-section elementor-top-section elementor-element elementor-element-26042641 textos-legales elementor-section-boxed elementor-section-height-default elementor-section-height-default\" data-id=\"26042641\" data-element_type=\"section\" data-e-type=\"section\">\n\t\t\t\t\t\t<div class=\"elementor-container elementor-column-gap-default\">\n\t\t\t\t\t<div class=\"elementor-column elementor-col-100 elementor-top-column elementor-element elementor-element-d8a0539\" data-id=\"d8a0539\" data-element_type=\"column\" data-e-type=\"column\">\n\t\t\t<div class=\"elementor-widget-wrap elementor-element-populated\">\n\t\t\t\t\t\t<div class=\"elementor-element elementor-element-651f7929 elementor-widget elementor-widget-text-editor\" data-id=\"651f7929\" data-element_type=\"widget\" data-e-type=\"widget\" data-widget_type=\"text-editor.default\">\n\t\t\t\t<div class=\"elementor-widget-container\">\n\t\t\t\t\t\t\t\t\t<h1>Pol\u00edtica de privacitat<\/h1><p><strong>\u00a0<\/strong><\/p><p><strong>1. Qui \u00e9s el responsable del tractament?<\/strong><\/p><p>El responsable del tractament de les dades personals recollides mitjan\u00e7ant aquesta plataforma \u00e9s ON RED ASISTENCIA Y REPARACIONES, S.A. (onRed), amb domicili al carrer Norias, 92, edifici B, planta 0 \u2013 28221, Majadahonda (Madrid), i amb NIF A-87190542. Si t\u00e9 cap dubte sobre el tractament de la seva informaci\u00f3 personal, pot contactar amb el responsable per mitj\u00e0 del correu electr\u00f2nic <a href=\"mailto:rgpd@onredreparaciones.es\">rgpd@onredreparaciones.es<\/a> o b\u00e9 mitjan\u00e7ant correu postal a l&#8217;adre\u00e7a anteriorment indicada.<\/p><p>onRed forma part del Grup Mutua Propietarios (Grup MP), per la qual cosa l&#8217;informem que per a alguns serveis o tractaments identificats en aquesta Pol\u00edtica de Privacitat les societats seg\u00fcents del Grup MP poden passar a ser responsables:<\/p><ul><li>Best Technologies for Buildings, SL (d&#8217;ara endavant, <em>SENSEDI<\/em>), amb CIF B65670861.<\/li><li>Fundaci\u00f3 Mutua de Propietarios, amb CIF G-67133942.<\/li><li>Mutua de Propietarios Seguros y Reaseguros a Prima Fija (d&#8217;ara endavant, <em>MP<\/em>), amb CIF G-08171332.<\/li><\/ul><p><strong>2. Amb quina finalitat es tractaran les seves dades personals i quina \u00e9s la base que en legitima el tractament?<\/strong><\/p><p>A onRed tractem les dades personals que ens faciliti i les que derivin de la seva relaci\u00f3 amb nosaltres amb les finalitats seg\u00fcents:<\/p><ol><li><strong>Formulari de contacte:<\/strong> les seves dades es tractaran per respondre a les consultes que es duguin a terme i tramitar-les de la millor manera possible. La base que legitima aquest tractament \u00e9s l&#8217;inter\u00e8s leg\u00edtim de les parts implicades per respondre a la seva petici\u00f3.<\/li><\/ol><ol start=\"2\"><li><strong>Treballar amb nosaltres:<\/strong> les seves dades es tractaran per gestionar processos de selecci\u00f3 de personal. La base que legitima el tractament \u00e9s l&#8217;aplicaci\u00f3 a la seva petici\u00f3 en enviar el curr\u00edculum de mesures precontractuals o la intenci\u00f3 de concloure un contracte.<\/li><\/ol><p>Aix\u00ed mateix, en cas que ho consenti expressament i es consideri que la seva posici\u00f3 podria encaixar m\u00e9s en una vacant d&#8217;una societat del Grup MP, les seves dades es comunicaran a aquestes empreses perqu\u00e8 puguin valorar la seva candidatura.<\/p><p><strong>3. Quant de temps conservarem les seves dades?<\/strong><\/p><p>onRed conservar\u00e0 les seves dades personals durant el temps necessari per preservar-ne el valor legal i durant el per\u00edode previst en qu\u00e8 pugui derivar-se qualsevol responsabilitat del tractament de les dades personals, \u00e9s a dir, mentre perduri el termini de prescripci\u00f3 legal.<\/p><p><strong>4. Les seves dades es comuniquen a tercers?<\/strong><\/p><p>Les seves dades personals es comunicaran a tercers quan resulti estrictament necessari per complir una obligaci\u00f3 legal o per a la tramitaci\u00f3 de procediments judicials, en cas que sigui procedent.<\/p><p>Aix\u00ed mateix, per poder tractar les seves dades personals, requerim el suport de prove\u00efdors de serveis. Aquests tercers poden consultar les seves dades i actuen en nom i per compte de onRed, segueixen les nostres instruccions i en cap cas no disposen de les seves dades per a finalitats pr\u00f2pies.<\/p><p>Si b\u00e9 la majoria dels nostres prove\u00efdors fan el tractament de dades personals dins de l&#8217;Espai Econ\u00f2mic Europeu (EEE), l&#8217;informem que, en casos excepcionals, poden tractar les seves dades prove\u00efdors de serveis situats a pa\u00efsos fora de l&#8217;EEE. En aquests casos excepcionals, onRed assegura que \u00fanicament contracta prove\u00efdors situats a pa\u00efsos que la Comissi\u00f3 Europea ha declarat que garanteixen un nivell de protecci\u00f3 adequat o, a falta d&#8217;aquesta decisi\u00f3 d&#8217;adequaci\u00f3, sempre que aquests prove\u00efdors ofereixin les garanties adequades com s&#8217;exigeix a la normativa d&#8217;aplicaci\u00f3 (a tall d&#8217;exemple, normes corporatives vinculants que subscriguin les cl\u00e0usules tipus de la Uni\u00f3 Europea o la subscripci\u00f3 de les cl\u00e0usules contractuals tipus aprovades per la Comissi\u00f3).<\/p><p><strong>5. Quins s\u00f3n els seus drets?<\/strong><\/p><p>A continuaci\u00f3, s&#8217;enumeren els drets que poden exercir els interessats<strong>:<\/strong><\/p><ul><li><strong>Dret d&#8217;acc\u00e9s:<\/strong> consultar quines dades personals tenim sobre vost\u00e8.<\/li><li><strong>Dret de rectificaci\u00f3:<\/strong> modificar les dades personals que tenim sobre vost\u00e8 quan siguin inexactes o incompletes.<\/li><li><strong>Dret d&#8217;oposici\u00f3:<\/strong> sol\u00b7licitar que no tractem les seves dades personals per a algunes finalitats concretes.<\/li><li><strong>Dret de supressi\u00f3:<\/strong> sol\u00b7licitar que eliminem les seves dades personals.<\/li><li><strong>Dret de limitaci\u00f3:<\/strong> sol\u00b7licitar que limitem el tractament de les seves dades personals.<\/li><li><strong>Dret de portabilitat:<\/strong> sol\u00b7licitar que li lliurem en un format inform\u00e0tic la informaci\u00f3 que tenim sobre vost\u00e8.<\/li><\/ul><p>A m\u00e9s, pot presentar una reclamaci\u00f3 davant l&#8217;autoritat competent per defensar els seus drets per mitj\u00e0 del lloc web <a href=\"https:\/\/www.aepd.es\/\">https:\/\/www.aepd.es<\/a>.<\/p><p>Per exercir aquests drets, nom\u00e9s cal que envi\u00ef una comunicaci\u00f3 a onRed per correu electr\u00f2nic a l&#8217;adre\u00e7a <a href=\"mailto:rgpd@onredreparaciones.es\">rgpd@onredreparaciones.es<\/a> o b\u00e9 mitjan\u00e7ant correu postal al carrer Norias, 92, edifici B, planta 0 \u2013 28221, Majadahonda (Madrid).<\/p><p><strong>6. Canvis o modificacions de la nostra Pol\u00edtica de Privacitat<\/strong><\/p><p>Podrem revisar aquesta Pol\u00edtica de Privacitat oportunament i publicar la versi\u00f3 m\u00e9s actualitzada al nostre lloc web. L&#8217;informarem en cas que els seus drets resultin apreciablement afectats a conseq\u00fc\u00e8ncia d&#8217;una revisi\u00f3.<\/p>\t\t\t\t\t\t\t\t<\/div>\n\t\t\t\t<\/div>\n\t\t\t\t\t<\/div>\n\t\t<\/div>\n\t\t\t\t\t<\/div>\n\t\t<\/section>\n\t\t\t\t<\/div>\n\t\t","protected":false},"excerpt":{"rendered":"<p>Pol\u00edtica de privacitat \u00a0 1. Qui \u00e9s el responsable del tractament? El responsable del tractament de les dades personals recollides mitjan\u00e7ant aquesta plataforma \u00e9s ON RED ASISTENCIA Y REPARACIONES, S.A. (onRed), amb domicili al carrer Norias, 92, edifici B, planta 0 \u2013 28221, Majadahonda (Madrid), i amb NIF A-87190542. Si t\u00e9 cap dubte sobre el [&hellip;]<\/p>\n","protected":false},"author":1,"featured_media":0,"parent":0,"menu_order":0,"comment_status":"closed","ping_status":"open","template":"","meta":{"footnotes":""},"class_list":["post-1573","page","type-page","status-publish","hentry"],"yoast_head":"<!-- This site is optimized with the Yoast SEO plugin v27.3 - https:\/\/yoast.com\/product\/yoast-seo-wordpress\/ -->\n<title>Pol\u00edtica de privacitat - onRed<\/title>\n<meta name=\"robots\" content=\"index, follow, max-snippet:-1, max-image-preview:large, max-video-preview:-1\" \/>\n<link rel=\"canonical\" href=\"https:\/\/onredreparaciones.es\/ca\/politica-privacitat\/\" \/>\n<meta property=\"og:locale\" content=\"ca_ES\" \/>\n<meta property=\"og:type\" content=\"article\" \/>\n<meta property=\"og:title\" content=\"Pol\u00edtica de privacitat - onRed\" \/>\n<meta property=\"og:description\" content=\"Pol\u00edtica de privacitat \u00a0 1. Qui \u00e9s el responsable del tractament? El responsable del tractament de les dades personals recollides mitjan\u00e7ant aquesta plataforma \u00e9s ON RED ASISTENCIA Y REPARACIONES, S.A. (onRed), amb domicili al carrer Norias, 92, edifici B, planta 0 \u2013 28221, Majadahonda (Madrid), i amb NIF A-87190542. Si t\u00e9 cap dubte sobre el [&hellip;]\" \/>\n<meta property=\"og:url\" content=\"https:\/\/onredreparaciones.es\/ca\/politica-privacitat\/\" \/>\n<meta property=\"og:site_name\" content=\"onRed\" \/>\n<meta property=\"article:modified_time\" content=\"2023-02-16T14:43:28+00:00\" \/>\n<meta name=\"twitter:card\" content=\"summary_large_image\" \/>\n<meta name=\"twitter:label1\" content=\"Est. reading time\" \/>\n\t<meta name=\"twitter:data1\" content=\"4 minuts\" \/>\n<script type=\"application\/ld+json\" class=\"yoast-schema-graph\">{\"@context\":\"https:\\\/\\\/schema.org\",\"@graph\":[{\"@type\":\"WebPage\",\"@id\":\"https:\\\/\\\/onredreparaciones.es\\\/ca\\\/politica-privacitat\\\/\",\"url\":\"https:\\\/\\\/onredreparaciones.es\\\/ca\\\/politica-privacitat\\\/\",\"name\":\"Pol\u00edtica de privacitat - onRed\",\"isPartOf\":{\"@id\":\"https:\\\/\\\/onredreparaciones.es\\\/#website\"},\"datePublished\":\"2022-07-04T07:47:14+00:00\",\"dateModified\":\"2023-02-16T14:43:28+00:00\",\"breadcrumb\":{\"@id\":\"https:\\\/\\\/onredreparaciones.es\\\/ca\\\/politica-privacitat\\\/#breadcrumb\"},\"inLanguage\":\"ca\",\"potentialAction\":[{\"@type\":\"ReadAction\",\"target\":[\"https:\\\/\\\/onredreparaciones.es\\\/ca\\\/politica-privacitat\\\/\"]}]},{\"@type\":\"BreadcrumbList\",\"@id\":\"https:\\\/\\\/onredreparaciones.es\\\/ca\\\/politica-privacitat\\\/#breadcrumb\",\"itemListElement\":[{\"@type\":\"ListItem\",\"position\":1,\"name\":\"Home\",\"item\":\"https:\\\/\\\/onredreparaciones.es\\\/ca\\\/inici\\\/\"},{\"@type\":\"ListItem\",\"position\":2,\"name\":\"Pol\u00edtica de privacitat\"}]},{\"@type\":\"WebSite\",\"@id\":\"https:\\\/\\\/onredreparaciones.es\\\/#website\",\"url\":\"https:\\\/\\\/onredreparaciones.es\\\/\",\"name\":\"onRed\",\"description\":\"Activamos tu red de asistencia\",\"publisher\":{\"@id\":\"https:\\\/\\\/onredreparaciones.es\\\/#organization\"},\"potentialAction\":[{\"@type\":\"SearchAction\",\"target\":{\"@type\":\"EntryPoint\",\"urlTemplate\":\"https:\\\/\\\/onredreparaciones.es\\\/?s={search_term_string}\"},\"query-input\":{\"@type\":\"PropertyValueSpecification\",\"valueRequired\":true,\"valueName\":\"search_term_string\"}}],\"inLanguage\":\"ca\"},{\"@type\":\"Organization\",\"@id\":\"https:\\\/\\\/onredreparaciones.es\\\/#organization\",\"name\":\"onRed\",\"url\":\"https:\\\/\\\/onredreparaciones.es\\\/\",\"logo\":{\"@type\":\"ImageObject\",\"inLanguage\":\"ca\",\"@id\":\"https:\\\/\\\/onredreparaciones.es\\\/#\\\/schema\\\/logo\\\/image\\\/\",\"url\":\"https:\\\/\\\/onredreparaciones.es\\\/wp-content\\\/uploads\\\/2022\\\/12\\\/LOGO-WORD-PPT-CAT.png\",\"contentUrl\":\"https:\\\/\\\/onredreparaciones.es\\\/wp-content\\\/uploads\\\/2022\\\/12\\\/LOGO-WORD-PPT-CAT.png\",\"width\":517,\"height\":222,\"caption\":\"onRed\"},\"image\":{\"@id\":\"https:\\\/\\\/onredreparaciones.es\\\/#\\\/schema\\\/logo\\\/image\\\/\"}}]}<\/script>\n<!-- \/ Yoast SEO plugin. -->","yoast_head_json":{"title":"Pol\u00edtica de privacitat - onRed","robots":{"index":"index","follow":"follow","max-snippet":"max-snippet:-1","max-image-preview":"max-image-preview:large","max-video-preview":"max-video-preview:-1"},"canonical":"https:\/\/onredreparaciones.es\/ca\/politica-privacitat\/","og_locale":"ca_ES","og_type":"article","og_title":"Pol\u00edtica de privacitat - onRed","og_description":"Pol\u00edtica de privacitat \u00a0 1. Qui \u00e9s el responsable del tractament? El responsable del tractament de les dades personals recollides mitjan\u00e7ant aquesta plataforma \u00e9s ON RED ASISTENCIA Y REPARACIONES, S.A. (onRed), amb domicili al carrer Norias, 92, edifici B, planta 0 \u2013 28221, Majadahonda (Madrid), i amb NIF A-87190542. Si t\u00e9 cap dubte sobre el [&hellip;]","og_url":"https:\/\/onredreparaciones.es\/ca\/politica-privacitat\/","og_site_name":"onRed","article_modified_time":"2023-02-16T14:43:28+00:00","twitter_card":"summary_large_image","twitter_misc":{"Est. reading time":"4 minuts"},"schema":{"@context":"https:\/\/schema.org","@graph":[{"@type":"WebPage","@id":"https:\/\/onredreparaciones.es\/ca\/politica-privacitat\/","url":"https:\/\/onredreparaciones.es\/ca\/politica-privacitat\/","name":"Pol\u00edtica de privacitat - onRed","isPartOf":{"@id":"https:\/\/onredreparaciones.es\/#website"},"datePublished":"2022-07-04T07:47:14+00:00","dateModified":"2023-02-16T14:43:28+00:00","breadcrumb":{"@id":"https:\/\/onredreparaciones.es\/ca\/politica-privacitat\/#breadcrumb"},"inLanguage":"ca","potentialAction":[{"@type":"ReadAction","target":["https:\/\/onredreparaciones.es\/ca\/politica-privacitat\/"]}]},{"@type":"BreadcrumbList","@id":"https:\/\/onredreparaciones.es\/ca\/politica-privacitat\/#breadcrumb","itemListElement":[{"@type":"ListItem","position":1,"name":"Home","item":"https:\/\/onredreparaciones.es\/ca\/inici\/"},{"@type":"ListItem","position":2,"name":"Pol\u00edtica de privacitat"}]},{"@type":"WebSite","@id":"https:\/\/onredreparaciones.es\/#website","url":"https:\/\/onredreparaciones.es\/","name":"onRed","description":"Activamos tu red de asistencia","publisher":{"@id":"https:\/\/onredreparaciones.es\/#organization"},"potentialAction":[{"@type":"SearchAction","target":{"@type":"EntryPoint","urlTemplate":"https:\/\/onredreparaciones.es\/?s={search_term_string}"},"query-input":{"@type":"PropertyValueSpecification","valueRequired":true,"valueName":"search_term_string"}}],"inLanguage":"ca"},{"@type":"Organization","@id":"https:\/\/onredreparaciones.es\/#organization","name":"onRed","url":"https:\/\/onredreparaciones.es\/","logo":{"@type":"ImageObject","inLanguage":"ca","@id":"https:\/\/onredreparaciones.es\/#\/schema\/logo\/image\/","url":"https:\/\/onredreparaciones.es\/wp-content\/uploads\/2022\/12\/LOGO-WORD-PPT-CAT.png","contentUrl":"https:\/\/onredreparaciones.es\/wp-content\/uploads\/2022\/12\/LOGO-WORD-PPT-CAT.png","width":517,"height":222,"caption":"onRed"},"image":{"@id":"https:\/\/onredreparaciones.es\/#\/schema\/logo\/image\/"}}]}},"_links":{"self":[{"href":"https:\/\/onredreparaciones.es\/ca\/wp-json\/wp\/v2\/pages\/1573","targetHints":{"allow":["GET"]}}],"collection":[{"href":"https:\/\/onredreparaciones.es\/ca\/wp-json\/wp\/v2\/pages"}],"about":[{"href":"https:\/\/onredreparaciones.es\/ca\/wp-json\/wp\/v2\/types\/page"}],"author":[{"embeddable":true,"href":"https:\/\/onredreparaciones.es\/ca\/wp-json\/wp\/v2\/users\/1"}],"replies":[{"embeddable":true,"href":"https:\/\/onredreparaciones.es\/ca\/wp-json\/wp\/v2\/comments?post=1573"}],"version-history":[{"count":13,"href":"https:\/\/onredreparaciones.es\/ca\/wp-json\/wp\/v2\/pages\/1573\/revisions"}],"predecessor-version":[{"id":2459,"href":"https:\/\/onredreparaciones.es\/ca\/wp-json\/wp\/v2\/pages\/1573\/revisions\/2459"}],"wp:attachment":[{"href":"https:\/\/onredreparaciones.es\/ca\/wp-json\/wp\/v2\/media?parent=1573"}],"curies":[{"name":"wp","href":"https:\/\/api.w.org\/{rel}","templated":true}]}}