{"id":1568,"date":"2022-07-10T19:51:21","date_gmt":"2022-07-10T17:51:21","guid":{"rendered":"http:\/\/prezuk.com.mialias.net\/onred\/aviso-legal\/"},"modified":"2023-02-16T15:42:43","modified_gmt":"2023-02-16T14:42:43","slug":"aviso-legal","status":"publish","type":"page","link":"https:\/\/onredreparaciones.es\/ca\/aviso-legal\/","title":{"rendered":"Av\u00eds Legal"},"content":{"rendered":"\t\t<div data-elementor-type=\"wp-page\" data-elementor-id=\"1568\" class=\"elementor elementor-1568 elementor-1244\">\n\t\t\t\t\t\t<section class=\"elementor-section elementor-top-section elementor-element elementor-element-a7651e5 textos-legales elementor-section-boxed elementor-section-height-default elementor-section-height-default\" data-id=\"a7651e5\" data-element_type=\"section\" data-e-type=\"section\">\n\t\t\t\t\t\t<div class=\"elementor-container elementor-column-gap-default\">\n\t\t\t\t\t<div class=\"elementor-column elementor-col-100 elementor-top-column elementor-element elementor-element-428471c\" data-id=\"428471c\" data-element_type=\"column\" data-e-type=\"column\">\n\t\t\t<div class=\"elementor-widget-wrap elementor-element-populated\">\n\t\t\t\t\t\t<div class=\"elementor-element elementor-element-6afb851 elementor-widget elementor-widget-text-editor\" data-id=\"6afb851\" data-element_type=\"widget\" data-e-type=\"widget\" data-widget_type=\"text-editor.default\">\n\t\t\t\t<div class=\"elementor-widget-container\">\n\t\t\t\t\t\t\t\t\t<h1>Av\u00eds legal<\/h1><p>En compliment de la Llei 34\/2002, d&#8217;11 de juliol, de serveis de la societat de la informaci\u00f3 i de comer\u00e7 electr\u00f2nic, s&#8217;informa l&#8217;Usuari que el titular del lloc web <a href=\"http:\/\/www.onredreparaciones.es\">www.onredreparaciones.es<\/a> (d&#8217;ara endavant, el <strong><em>Lloc Web<\/em><\/strong>) \u00e9s ON RED ASISTENCIA Y REPARACIONES, S.A. (onRed), les dades d&#8217;identificaci\u00f3 del qual s\u00f3n les seg\u00fcents:<\/p><ul><li><strong>Domicili social:<\/strong> carrer Norias, 92, edifici B, planta 0 \u2013 28221, Majadahonda (Madrid).<\/li><li><strong>NIF: <\/strong>A87190542<\/li><li><strong>Dades del registre:<\/strong> Registre Mercantil de Madrid, tom 33087, foli 81, S 8, full M-595516 i Inscripci\u00f3 1.<\/li><\/ul><p>L&#8217;expressi\u00f3 <strong><em>Usuari<\/em><\/strong> compr\u00e8n qualsevol persona que accedeixi al Lloc Web, sigui directament o des de qualsevol altre lloc d&#8217;Internet.<\/p><p><strong>1. Acc\u00e9s i funcionament del Lloc Web<\/strong><\/p><p>L&#8217;Av\u00eds Legal i Condicions d&#8217;\u00das regulen l&#8217;acc\u00e9s i \u00fas dels usuaris al Lloc Web i t\u00e9 per objecte oferir la possibilitat de consultar informaci\u00f3 sobre l&#8217;empresa, les seves dades de contacte, productes i serveis, tarifes, ofertes comercials i localitzaci\u00f3 \u2013 Un apartat de contacte per fer consultes i facilitar les seves dades de car\u00e0cter personal \u2013 Enlla\u00e7os per accedir a xarxes socials (d&#8217;ara endavant els <em>Serveis<\/em>). L&#8217;acc\u00e9s \u00e9s gratu\u00eft.<\/p><p><strong>2. \u00das del Lloc Web<\/strong><\/p><p>L&#8217;Usuari es compromet a fer un \u00fas adequat dels continguts del Lloc Web i queda obligat a:<\/p><p>facilitar informaci\u00f3 vera\u00e7 i exacta sobre les dades sol\u00b7licitades en els formularis i mantenir-les actualitzades cada cop que faci \u00fas del Lloc Web,<\/p><ul><li>no inc\u00f3rrer en activitats il\u00b7l\u00edcites, il\u00b7legals o contr\u00e0ries a la bona fe i a l&#8217;ordre p\u00fablic,<\/li><li>no difondre continguts o propaganda de car\u00e0cter racista, xen\u00f2fob, discriminatori per ra\u00f3 de ra\u00e7a, sexe, ideologia, religi\u00f3 o que de qualsevol forma atempti contra la moral, l&#8217;ordre p\u00fablic, els drets fonamentals, les llibertats p\u00fabliques, l&#8217;honor, la intimitat o la imatge de tercers i, en general, la normativa vigent,<\/li><li>no provocar danys en els sistemes f\u00edsics i l\u00f2gics del Lloc Web, dels prove\u00efdors de onRed o de terceres persones, ni introduir o difondre a la xarxa virus inform\u00e0tics o qualsevol altre sistema f\u00edsic o l\u00f2gic que pugui provocar els danys esmentats m\u00e9s amunt,<\/li><li>no fer servir els continguts del Lloc Web ni la seva informaci\u00f3 per remetre publicitat o enviar missatges amb qualsevol altra finalitat comercial, ni per recollir o emmagatzemar dades personals de tercers, i<\/li><li>no intentar consultar ni, si escau, usar els comptes de correu electr\u00f2nic d&#8217;altres usuaris ni modificar o manipular els seus missatges.<\/li><\/ul><p>onRed es reserva el dret de fer sense av\u00eds previ les modificacions que consideri oportunes al seu Lloc Web, i pot canviar, suprimir o afegir tant els continguts i serveis que es prestin per mitj\u00e0 del Lloc Web com la forma en qu\u00e8 aquests continguts i serveis apareguin presentats o localitzats al seu Lloc Web. Per aix\u00f2 recomanem que l&#8217;Usuari hi accedeixi i el llegeixi peri\u00f2dicament<strong>.<\/strong><\/p><p><strong>3. Responsabilitats<\/strong><\/p><p><strong><em>a<\/em><\/strong><strong>) Responsabilitat per l&#8217;\u00fas del Lloc Web:<\/strong> l&#8217;Usuari \u00e9s l&#8217;\u00fanic responsable de les infraccions en qu\u00e8 pugui inc\u00f3rrer o dels perjudicis que pugui causar per l&#8217;\u00fas del Lloc Web, i onRed queda exonerat de qualsevol tipus de responsabilitat que es pugui derivar de les accions de l&#8217;Usuari.<\/p><p>onRed ha d&#8217;aplicar tots els esfor\u00e7os i mitjans raonables per facilitar informaci\u00f3 actualitzada i fefaent al Lloc Web. No obstant aix\u00f2, onRed no assumeix cap garantia en relaci\u00f3 amb la pres\u00e8ncia d&#8217;errors, possibles inexactituds i\/o omissions en cap dels continguts accessibles per mitj\u00e0 d&#8217;aquest Lloc Web.<\/p><p>L&#8217;Usuari \u00e9s l&#8217;\u00fanic responsable davant de qualsevol reclamaci\u00f3 o acci\u00f3 legal, judicial o extrajudicial, iniciada per terceres persones contra onRed i basada en l&#8217;\u00fas del Lloc Web per l&#8217;Usuari. Si escau, l&#8217;Usuari ha d&#8217;assumir les despeses, costos i indemnitzacions que siguin causats a onRed amb motiu d&#8217;aquestes reclamacions o accions legals.<\/p><p><strong><em>b<\/em><\/strong><strong>) Responsabilitat pel funcionament del Lloc Web:<\/strong> onRed exclou tota responsabilitat que es pugui derivar d&#8217;interfer\u00e8ncies, omissions, interrupcions, virus inform\u00e0tics, avaries telef\u00f2niques o desconnexions en el funcionament operatiu del sistema electr\u00f2nic.<\/p><p>Aix\u00ed mateix, tamb\u00e9 se n&#8217;exclou qualsevol responsabilitat que pugui derivar-se de retards o blocatges en el funcionament operatiu d&#8217;aquest sistema electr\u00f2nic causats per defici\u00e8ncies o sobrec\u00e0rregues a les l\u00ednies telef\u00f2niques o a Internet, aix\u00ed com de danys causats per terceres persones per mitj\u00e0 d&#8217;intromissions il\u00b7leg\u00edtimes fora del control de onRed. onRed est\u00e0 facultada per suspendre temporalment, i sense av\u00eds previ, l&#8217;accessibilitat al Lloc Web amb motiu d&#8217;operacions de manteniment, reparaci\u00f3, actualitzaci\u00f3 o millora.<\/p><p><strong><em>c<\/em><\/strong><strong>) Responsabilitat per contingut:<\/strong> onRed no es fa responsable, tret dels casos en qu\u00e8 la llei hi obligui, dels danys o perjudicis que es puguin ocasionar per l&#8217;\u00fas, reproducci\u00f3, distribuci\u00f3, comunicaci\u00f3 p\u00fablica o qualsevol tipus d&#8217;activitat que es faci sobre els textos i\/o fotografies que estiguin protegits per drets de propietat intel\u00b7lectual que pertanyin a tercers sense que l&#8217;Usuari hagi obtingut pr\u00e8viament l&#8217;autoritzaci\u00f3 necess\u00e0ria dels seus titulars per dur a terme l&#8217;\u00fas que en fa o en pret\u00e9n fer.<\/p><p>D&#8217;altra banda, onRed no es fa responsable de la informaci\u00f3 enviada per l&#8217;Usuari quan no tingui coneixement efectiu que la informaci\u00f3 emmagatzemada \u00e9s il\u00b7l\u00edcita o que lesiona b\u00e9ns o drets d&#8217;un tercer susceptible d&#8217;indemnitzaci\u00f3. En el moment que onRed tingui coneixement efectiu que allotja dades com les referides anteriorment, es compromet a actuar amb dilig\u00e8ncia per retirar-les o impedir-hi l&#8217;acc\u00e9s.<\/p><p>En tot cas, per interposar una reclamaci\u00f3 relacionada amb els continguts inserits en qualsevol de les seccions d&#8217;aquest Lloc Web, pot fer-ho adre\u00e7ant-se a onRed per mitj\u00e0 de les adreces de contacte indicades en el Lloc Web.<\/p><p><strong>4. Enlla\u00e7os de tercers<\/strong><\/p><p><strong><em>a<\/em><\/strong><strong>) Web enlla\u00e7ant: <\/strong>els tercers que tinguin la intenci\u00f3 d&#8217;incloure al seu web un enlla\u00e7 d&#8217;aquest Lloc Web han de complir la legislaci\u00f3 vigent i no hi poden allotjar continguts que siguin inapropiats i\/o il\u00b7l\u00edcits. En cap cas onRed no es fa responsable del contingut del lloc web del tercer, ni promou, garanteix, supervisa ni recomana els seus continguts. En cas que el Lloc Web enlla\u00e7ant incompleixi cap dels aspectes anteriors, est\u00e0 obligat a suprimir l&#8217;enlla\u00e7 de manera immediata.<\/p><p><strong><em>b<\/em><\/strong><strong>) Web enlla\u00e7at:<\/strong> s&#8217;hi poden incloure enlla\u00e7os de llocs web de tercers que permetin a l&#8217;Usuari accedir-hi. No obstant aix\u00f2, onRed no es fa responsable del contingut d&#8217;aquests llocs web enlla\u00e7ats, sin\u00f3 que \u00e9s l&#8217;Usuari l&#8217;encarregat d&#8217;acceptar i comprovar els accessos cada vegada que hi accedeixi. Aquest Av\u00eds Legal i Condicions d&#8217;\u00das es refereixen \u00fanicament a aquest web i als continguts de onRed, i no s&#8217;aplica als enlla\u00e7os o als llocs web de tercers accessibles per mitj\u00e0 del Lloc Web.<\/p><p>Aquests enlla\u00e7os o esments tenen una finalitat que no implica el suport, l&#8217;aprovaci\u00f3, comercialitzaci\u00f3 ni cap relaci\u00f3 entre onRed i les persones o entitats titulars dels llocs on es trobin.<\/p><p><strong>5. Propietat intel\u00b7lectual i industrial sobre els continguts<\/strong><\/p><p>Tots els continguts del Lloc Web, tret que s&#8217;indiqui el contrari, s\u00f3n titularitat exclusiva de onRed i, amb car\u00e0cter enunciatiu i no limitatiu, el disseny gr\u00e0fic, codi font, logotips, textos, gr\u00e0fics, il\u00b7lustracions, fotografies i la resta d&#8217;elements que apareixen al Lloc Web. Igualment, tots els noms comercials, marques o signes distintius de qualsevol tipus que hi hagi al web estan protegits per la llei.<\/p><p>onRed no concedeix cap mena de llic\u00e8ncia o autoritzaci\u00f3 d&#8217;\u00fas personal a l&#8217;Usuari sobre els seus drets de propietat intel\u00b7lectual i industrial o sobre qualsevol altre dret relacionat amb el seu Lloc Web i els serveis que s&#8217;hi ofereixen.<\/p><p>Per aix\u00f2 l&#8217;Usuari reconeix que la reproducci\u00f3, distribuci\u00f3, comercialitzaci\u00f3, transformaci\u00f3 i, en general, qualsevol altra forma d&#8217;explotaci\u00f3 per qualsevol procediment de tot o d&#8217;una part dels continguts d&#8217;aquest Lloc Web constitueix una infracci\u00f3 dels drets de propietat intel\u00b7lectual i\/o industrial de onRed o del titular d&#8217;aquests drets.<\/p><p><strong>6. Publicitat<\/strong><\/p><p>En el web hi poden allotjar-se continguts publicitaris o patrocinats. Els anunciants o patrocinadors s\u00f3n els \u00fanics responsables d&#8217;assegurar-se que el material rem\u00e8s per incloure-l&#8217;hi compleix les lleis aplicables en cada cas.<\/p><p>onRed no \u00e9s responsable de cap error, inexactitud o irregularitat que puguin contenir els continguts publicitaris dels patrocinadors. En tot cas, per interposar qualsevol reclamaci\u00f3 relacionada amb els continguts publicitaris que s&#8217;hi han inserit, poden posar-se en contacte amb onRed usant els mitjans indicats a l&#8217;inici.<\/p><p><strong>7. Tractament de Dades Personals i galetes<\/strong><\/p><p>Per con\u00e8ixer el tractament que onRed dur\u00e0 a terme de les dades personals que tracti per mitj\u00e0 d&#8217;aquest Lloc Web, pot consultar la <a href=\"https:\/\/onredreparaciones.es\/ca\/politica-privacitat\/\"><u>Pol\u00edtica de Privacitat<\/u><\/a>. Li preguem que llegeixi atentament aquest text legal abans d&#8217;usar el Lloc Web. Respecte a l&#8217;\u00fas de galetes o tecnologies similars mitjan\u00e7ant aquest Lloc Web, pot dirigir-se a la <a href=\"https:\/\/onredreparaciones.es\/ca\/politica-de-galetes\/\"><u>Pol\u00edtica de galetes<\/u><\/a>.<\/p><p><strong>8. Legislaci\u00f3 aplicable<\/strong><\/p><p>Aquest Av\u00eds Legal i Condicions d&#8217;\u00das es regeixen i s&#8217;han d&#8217;interpretar de conformitat amb la legislaci\u00f3 espanyola.<\/p><p>La resoluci\u00f3 de qualsevol conflicte que es pugui derivar de l&#8217;acc\u00e9s al Lloc Web se sotmet als jutjats o tribunals pertinents del domicili de l&#8217;Usuari.<\/p><p>onRed perseguir\u00e0 l&#8217;incompliment d&#8217;aquest Av\u00eds Legal i Condicions d&#8217;\u00das, aix\u00ed com qualsevol utilitzaci\u00f3 indeguda del Lloc Web, i exercir\u00e0 totes les accions civils i penals que li puguin correspondre i assisteixin en dret.<\/p>\t\t\t\t\t\t\t\t<\/div>\n\t\t\t\t<\/div>\n\t\t\t\t\t<\/div>\n\t\t<\/div>\n\t\t\t\t\t<\/div>\n\t\t<\/section>\n\t\t\t\t<\/div>\n\t\t","protected":false},"excerpt":{"rendered":"<p>Av\u00eds legal En compliment de la Llei 34\/2002, d&#8217;11 de juliol, de serveis de la societat de la informaci\u00f3 i de comer\u00e7 electr\u00f2nic, s&#8217;informa l&#8217;Usuari que el titular del lloc web www.onredreparaciones.es (d&#8217;ara endavant, el Lloc Web) \u00e9s ON RED ASISTENCIA Y REPARACIONES, S.A. (onRed), les dades d&#8217;identificaci\u00f3 del qual s\u00f3n les seg\u00fcents: Domicili social: [&hellip;]<\/p>\n","protected":false},"author":1,"featured_media":0,"parent":0,"menu_order":0,"comment_status":"closed","ping_status":"closed","template":"","meta":{"footnotes":""},"class_list":["post-1568","page","type-page","status-publish","hentry"],"yoast_head":"<!-- This site is optimized with the Yoast SEO plugin v27.3 - https:\/\/yoast.com\/product\/yoast-seo-wordpress\/ -->\n<title>Av\u00eds Legal - onRed<\/title>\n<meta name=\"robots\" content=\"index, follow, max-snippet:-1, max-image-preview:large, max-video-preview:-1\" \/>\n<link rel=\"canonical\" href=\"https:\/\/onredreparaciones.es\/ca\/aviso-legal\/\" \/>\n<meta property=\"og:locale\" content=\"ca_ES\" \/>\n<meta property=\"og:type\" content=\"article\" \/>\n<meta property=\"og:title\" content=\"Av\u00eds Legal - onRed\" \/>\n<meta property=\"og:description\" content=\"Av\u00eds legal En compliment de la Llei 34\/2002, d&#8217;11 de juliol, de serveis de la societat de la informaci\u00f3 i de comer\u00e7 electr\u00f2nic, s&#8217;informa l&#8217;Usuari que el titular del lloc web www.onredreparaciones.es (d&#8217;ara endavant, el Lloc Web) \u00e9s ON RED ASISTENCIA Y REPARACIONES, S.A. (onRed), les dades d&#8217;identificaci\u00f3 del qual s\u00f3n les seg\u00fcents: Domicili social: [&hellip;]\" \/>\n<meta property=\"og:url\" content=\"https:\/\/onredreparaciones.es\/ca\/aviso-legal\/\" \/>\n<meta property=\"og:site_name\" content=\"onRed\" \/>\n<meta property=\"article:modified_time\" content=\"2023-02-16T14:42:43+00:00\" \/>\n<meta name=\"twitter:card\" content=\"summary_large_image\" \/>\n<meta name=\"twitter:label1\" content=\"Est. reading time\" \/>\n\t<meta name=\"twitter:data1\" content=\"8 minuts\" \/>\n<script type=\"application\/ld+json\" class=\"yoast-schema-graph\">{\"@context\":\"https:\\\/\\\/schema.org\",\"@graph\":[{\"@type\":\"WebPage\",\"@id\":\"https:\\\/\\\/onredreparaciones.es\\\/ca\\\/aviso-legal\\\/\",\"url\":\"https:\\\/\\\/onredreparaciones.es\\\/ca\\\/aviso-legal\\\/\",\"name\":\"Av\u00eds Legal - onRed\",\"isPartOf\":{\"@id\":\"https:\\\/\\\/onredreparaciones.es\\\/#website\"},\"datePublished\":\"2022-07-10T17:51:21+00:00\",\"dateModified\":\"2023-02-16T14:42:43+00:00\",\"breadcrumb\":{\"@id\":\"https:\\\/\\\/onredreparaciones.es\\\/ca\\\/aviso-legal\\\/#breadcrumb\"},\"inLanguage\":\"ca\",\"potentialAction\":[{\"@type\":\"ReadAction\",\"target\":[\"https:\\\/\\\/onredreparaciones.es\\\/ca\\\/aviso-legal\\\/\"]}]},{\"@type\":\"BreadcrumbList\",\"@id\":\"https:\\\/\\\/onredreparaciones.es\\\/ca\\\/aviso-legal\\\/#breadcrumb\",\"itemListElement\":[{\"@type\":\"ListItem\",\"position\":1,\"name\":\"Home\",\"item\":\"https:\\\/\\\/onredreparaciones.es\\\/ca\\\/inici\\\/\"},{\"@type\":\"ListItem\",\"position\":2,\"name\":\"Av\u00eds Legal\"}]},{\"@type\":\"WebSite\",\"@id\":\"https:\\\/\\\/onredreparaciones.es\\\/#website\",\"url\":\"https:\\\/\\\/onredreparaciones.es\\\/\",\"name\":\"onRed\",\"description\":\"Activamos tu red de asistencia\",\"publisher\":{\"@id\":\"https:\\\/\\\/onredreparaciones.es\\\/#organization\"},\"potentialAction\":[{\"@type\":\"SearchAction\",\"target\":{\"@type\":\"EntryPoint\",\"urlTemplate\":\"https:\\\/\\\/onredreparaciones.es\\\/?s={search_term_string}\"},\"query-input\":{\"@type\":\"PropertyValueSpecification\",\"valueRequired\":true,\"valueName\":\"search_term_string\"}}],\"inLanguage\":\"ca\"},{\"@type\":\"Organization\",\"@id\":\"https:\\\/\\\/onredreparaciones.es\\\/#organization\",\"name\":\"onRed\",\"url\":\"https:\\\/\\\/onredreparaciones.es\\\/\",\"logo\":{\"@type\":\"ImageObject\",\"inLanguage\":\"ca\",\"@id\":\"https:\\\/\\\/onredreparaciones.es\\\/#\\\/schema\\\/logo\\\/image\\\/\",\"url\":\"https:\\\/\\\/onredreparaciones.es\\\/wp-content\\\/uploads\\\/2022\\\/12\\\/LOGO-WORD-PPT-CAT.png\",\"contentUrl\":\"https:\\\/\\\/onredreparaciones.es\\\/wp-content\\\/uploads\\\/2022\\\/12\\\/LOGO-WORD-PPT-CAT.png\",\"width\":517,\"height\":222,\"caption\":\"onRed\"},\"image\":{\"@id\":\"https:\\\/\\\/onredreparaciones.es\\\/#\\\/schema\\\/logo\\\/image\\\/\"}}]}<\/script>\n<!-- \/ Yoast SEO plugin. -->","yoast_head_json":{"title":"Av\u00eds Legal - onRed","robots":{"index":"index","follow":"follow","max-snippet":"max-snippet:-1","max-image-preview":"max-image-preview:large","max-video-preview":"max-video-preview:-1"},"canonical":"https:\/\/onredreparaciones.es\/ca\/aviso-legal\/","og_locale":"ca_ES","og_type":"article","og_title":"Av\u00eds Legal - onRed","og_description":"Av\u00eds legal En compliment de la Llei 34\/2002, d&#8217;11 de juliol, de serveis de la societat de la informaci\u00f3 i de comer\u00e7 electr\u00f2nic, s&#8217;informa l&#8217;Usuari que el titular del lloc web www.onredreparaciones.es (d&#8217;ara endavant, el Lloc Web) \u00e9s ON RED ASISTENCIA Y REPARACIONES, S.A. (onRed), les dades d&#8217;identificaci\u00f3 del qual s\u00f3n les seg\u00fcents: Domicili social: [&hellip;]","og_url":"https:\/\/onredreparaciones.es\/ca\/aviso-legal\/","og_site_name":"onRed","article_modified_time":"2023-02-16T14:42:43+00:00","twitter_card":"summary_large_image","twitter_misc":{"Est. reading time":"8 minuts"},"schema":{"@context":"https:\/\/schema.org","@graph":[{"@type":"WebPage","@id":"https:\/\/onredreparaciones.es\/ca\/aviso-legal\/","url":"https:\/\/onredreparaciones.es\/ca\/aviso-legal\/","name":"Av\u00eds Legal - onRed","isPartOf":{"@id":"https:\/\/onredreparaciones.es\/#website"},"datePublished":"2022-07-10T17:51:21+00:00","dateModified":"2023-02-16T14:42:43+00:00","breadcrumb":{"@id":"https:\/\/onredreparaciones.es\/ca\/aviso-legal\/#breadcrumb"},"inLanguage":"ca","potentialAction":[{"@type":"ReadAction","target":["https:\/\/onredreparaciones.es\/ca\/aviso-legal\/"]}]},{"@type":"BreadcrumbList","@id":"https:\/\/onredreparaciones.es\/ca\/aviso-legal\/#breadcrumb","itemListElement":[{"@type":"ListItem","position":1,"name":"Home","item":"https:\/\/onredreparaciones.es\/ca\/inici\/"},{"@type":"ListItem","position":2,"name":"Av\u00eds Legal"}]},{"@type":"WebSite","@id":"https:\/\/onredreparaciones.es\/#website","url":"https:\/\/onredreparaciones.es\/","name":"onRed","description":"Activamos tu red de asistencia","publisher":{"@id":"https:\/\/onredreparaciones.es\/#organization"},"potentialAction":[{"@type":"SearchAction","target":{"@type":"EntryPoint","urlTemplate":"https:\/\/onredreparaciones.es\/?s={search_term_string}"},"query-input":{"@type":"PropertyValueSpecification","valueRequired":true,"valueName":"search_term_string"}}],"inLanguage":"ca"},{"@type":"Organization","@id":"https:\/\/onredreparaciones.es\/#organization","name":"onRed","url":"https:\/\/onredreparaciones.es\/","logo":{"@type":"ImageObject","inLanguage":"ca","@id":"https:\/\/onredreparaciones.es\/#\/schema\/logo\/image\/","url":"https:\/\/onredreparaciones.es\/wp-content\/uploads\/2022\/12\/LOGO-WORD-PPT-CAT.png","contentUrl":"https:\/\/onredreparaciones.es\/wp-content\/uploads\/2022\/12\/LOGO-WORD-PPT-CAT.png","width":517,"height":222,"caption":"onRed"},"image":{"@id":"https:\/\/onredreparaciones.es\/#\/schema\/logo\/image\/"}}]}},"_links":{"self":[{"href":"https:\/\/onredreparaciones.es\/ca\/wp-json\/wp\/v2\/pages\/1568","targetHints":{"allow":["GET"]}}],"collection":[{"href":"https:\/\/onredreparaciones.es\/ca\/wp-json\/wp\/v2\/pages"}],"about":[{"href":"https:\/\/onredreparaciones.es\/ca\/wp-json\/wp\/v2\/types\/page"}],"author":[{"embeddable":true,"href":"https:\/\/onredreparaciones.es\/ca\/wp-json\/wp\/v2\/users\/1"}],"replies":[{"embeddable":true,"href":"https:\/\/onredreparaciones.es\/ca\/wp-json\/wp\/v2\/comments?post=1568"}],"version-history":[{"count":23,"href":"https:\/\/onredreparaciones.es\/ca\/wp-json\/wp\/v2\/pages\/1568\/revisions"}],"predecessor-version":[{"id":2456,"href":"https:\/\/onredreparaciones.es\/ca\/wp-json\/wp\/v2\/pages\/1568\/revisions\/2456"}],"wp:attachment":[{"href":"https:\/\/onredreparaciones.es\/ca\/wp-json\/wp\/v2\/media?parent=1568"}],"curies":[{"name":"wp","href":"https:\/\/api.w.org\/{rel}","templated":true}]}}